{"id":3174,"date":"2016-09-07T17:35:41","date_gmt":"2016-09-07T15:35:41","guid":{"rendered":"https:\/\/etisoftpackaging.pl\/industries\/chemiczna\/"},"modified":"2017-08-15T13:43:12","modified_gmt":"2017-08-15T11:43:12","slug":"the-chemical-industry","status":"publish","type":"page","link":"https:\/\/etisoftpackaging.pl\/en\/industries\/the-chemical-industry\/","title":{"rendered":"The Chemical Industry"},"content":{"rendered":"<div class=\"wpb-content-wrapper\"><p>[vc_row][vc_column][vc_empty_space][\/vc_column][\/vc_row][vc_row][vc_column width=&#8221;1\/3&#8243;][vc_single_image image=&#8221;2557&#8243; img_size=&#8221;full&#8221; add_caption=&#8221;yes&#8221;][\/vc_column][vc_column width=&#8221;2\/3&#8243;][vc_column_text]<\/p>\n<h2><span class=\"themecolor\">Packaging for Chemcal industry<\/span><\/h2>\n<p>Many different activities may be found within chemistry industry.<br \/>\nAs packaging producer we see market split into three sectors:<\/p>\n<ol>\n<li>Production of chemicals and chemical products.<\/li>\n<li>Production of pharmaceutical products.<\/li>\n<li>Production of rubber products and synthetics.<\/li>\n<\/ol>\n<p>There are connections between those sectors taking a deep look at the component used in production stage. Sometimes the final product can be used as a semi-finished product by the other sector.<\/p>\n<p>Due to negative impact on environment and human health the chemical industry has a lot of legal restrictive regulations.<\/p>\n<p>To supply a product into the market some chemicals must be rewarded with a special permission or licence. European Union implemented restrictive rules of product certification. Acting under such regulations is quite difficult for any actitivy.[\/vc_column_text][\/vc_column][\/vc_row][vc_row][vc_column width=&#8221;2\/3&#8243;][vc_column_text]Therefore, the ability to adaptation brings a higher efficiency in production process. Many suppliers invest in modern technology, equipment, protection and documentation according to stated law. Adopted product must be fully identified.<\/p>\n<p>Controlling bodies require inspection of all the process flow, from raw material to final product. Each technological step is verified. packaging are kept under the same control procedures.<\/p>\n<p>Our long term experience in supplying packaging for the chemical sector allows us to adjust perfect solution. We conduct the whole range of tests and we prepare required documentation.<br \/>\nIt has been confirmed by the positive results, carried out at the COBRO lab.<\/p>\n<h3><span class=\"themecolor\">Please call and ask a question about packaging for the chemistry industry<\/span><\/h3>\n<p>[\/vc_column_text][\/vc_column][vc_column width=&#8221;1\/3&#8243;][vc_single_image image=&#8221;2554&#8243; img_size=&#8221;full&#8221; add_caption=&#8221;yes&#8221;][\/vc_column][\/vc_row]<\/p>\n<\/div>","protected":false},"excerpt":{"rendered":"<p>[vc_row][vc_column][vc_empty_space][\/vc_column][\/vc_row][vc_row][vc_column width=&#8221;1\/3&#8243;][vc_single_image image=&#8221;2557&#8243; img_size=&#8221;full&#8221; add_caption=&#8221;yes&#8221;][\/vc_column][vc_column width=&#8221;2\/3&#8243;][vc_column_text] Packaging for Chemcal industry Many different activities may be found within chemistry industry. As packaging producer we see market split<span class=\"excerpt-hellip\"> [\u2026]<\/span><\/p>\n","protected":false},"author":1,"featured_media":0,"parent":3171,"menu_order":0,"comment_status":"closed","ping_status":"closed","template":"","meta":{"footnotes":""},"class_list":["post-3174","page","type-page","status-publish","hentry"],"yoast_head":"<!-- This site is optimized with the Yoast SEO plugin v26.3 - https:\/\/yoast.com\/wordpress\/plugins\/seo\/ -->\n<title>The Chemical Industry - Etisoft Packaging - Cardboard packaging for industry<\/title>\n<meta name=\"description\" content=\"Opakowania dla bran\u017cy chemicznej to ca\u0142a grupa specjalnie tworzonych produkt\u00f3w adresowanych dla producent\u00f3w: chemikali\u00f3w, farmaceutk\u00f3w, tworzyw sztucznych.\" \/>\n<meta name=\"robots\" content=\"index, follow, max-snippet:-1, max-image-preview:large, max-video-preview:-1\" \/>\n<link rel=\"canonical\" href=\"https:\/\/etisoftpackaging.pl\/en\/industries\/the-chemical-industry\/\" \/>\n<meta property=\"og:locale\" content=\"en_US\" \/>\n<meta property=\"og:type\" content=\"article\" \/>\n<meta property=\"og:title\" content=\"The Chemical Industry - Etisoft Packaging - Cardboard packaging for industry\" \/>\n<meta property=\"og:description\" content=\"Opakowania dla bran\u017cy chemicznej to ca\u0142a grupa specjalnie tworzonych produkt\u00f3w adresowanych dla producent\u00f3w: chemikali\u00f3w, farmaceutk\u00f3w, tworzyw sztucznych.\" \/>\n<meta property=\"og:url\" content=\"https:\/\/etisoftpackaging.pl\/en\/industries\/the-chemical-industry\/\" \/>\n<meta property=\"og:site_name\" content=\"Etisoft Packaging - Cardboard packaging for industry\" \/>\n<meta property=\"article:modified_time\" content=\"2017-08-15T11:43:12+00:00\" \/>\n<meta name=\"twitter:card\" content=\"summary_large_image\" \/>\n<meta name=\"twitter:label1\" content=\"Est. reading time\" \/>\n\t<meta name=\"twitter:data1\" content=\"2 minutes\" \/>\n<script type=\"application\/ld+json\" class=\"yoast-schema-graph\">{\"@context\":\"https:\/\/schema.org\",\"@graph\":[{\"@type\":\"WebPage\",\"@id\":\"https:\/\/etisoftpackaging.pl\/en\/industries\/the-chemical-industry\/\",\"url\":\"https:\/\/etisoftpackaging.pl\/en\/industries\/the-chemical-industry\/\",\"name\":\"The Chemical Industry - Etisoft Packaging - Cardboard packaging for industry\",\"isPartOf\":{\"@id\":\"https:\/\/etisoftpackaging.pl\/#website\"},\"datePublished\":\"2016-09-07T15:35:41+00:00\",\"dateModified\":\"2017-08-15T11:43:12+00:00\",\"description\":\"Opakowania dla bran\u017cy chemicznej to ca\u0142a grupa specjalnie tworzonych produkt\u00f3w adresowanych dla producent\u00f3w: chemikali\u00f3w, farmaceutk\u00f3w, tworzyw sztucznych.\",\"breadcrumb\":{\"@id\":\"https:\/\/etisoftpackaging.pl\/en\/industries\/the-chemical-industry\/#breadcrumb\"},\"inLanguage\":\"en-US\",\"potentialAction\":[{\"@type\":\"ReadAction\",\"target\":[\"https:\/\/etisoftpackaging.pl\/en\/industries\/the-chemical-industry\/\"]}]},{\"@type\":\"BreadcrumbList\",\"@id\":\"https:\/\/etisoftpackaging.pl\/en\/industries\/the-chemical-industry\/#breadcrumb\",\"itemListElement\":[{\"@type\":\"ListItem\",\"position\":1,\"name\":\"Strona g\u0142\u00f3wna\",\"item\":\"https:\/\/etisoftpackaging.pl\/en\/\"},{\"@type\":\"ListItem\",\"position\":2,\"name\":\"Industries\",\"item\":\"https:\/\/etisoftpackaging.pl\/en\/industries\/\"},{\"@type\":\"ListItem\",\"position\":3,\"name\":\"The Chemical Industry\"}]},{\"@type\":\"WebSite\",\"@id\":\"https:\/\/etisoftpackaging.pl\/#website\",\"url\":\"https:\/\/etisoftpackaging.pl\/\",\"name\":\"Etisoft Packaging - Cardboard packaging for industry\",\"description\":\"\",\"potentialAction\":[{\"@type\":\"SearchAction\",\"target\":{\"@type\":\"EntryPoint\",\"urlTemplate\":\"https:\/\/etisoftpackaging.pl\/?s={search_term_string}\"},\"query-input\":{\"@type\":\"PropertyValueSpecification\",\"valueRequired\":true,\"valueName\":\"search_term_string\"}}],\"inLanguage\":\"en-US\"}]}<\/script>\n<!-- \/ Yoast SEO plugin. -->","yoast_head_json":{"title":"The Chemical Industry - Etisoft Packaging - Cardboard packaging for industry","description":"Opakowania dla bran\u017cy chemicznej to ca\u0142a grupa specjalnie tworzonych produkt\u00f3w adresowanych dla producent\u00f3w: chemikali\u00f3w, farmaceutk\u00f3w, tworzyw sztucznych.","robots":{"index":"index","follow":"follow","max-snippet":"max-snippet:-1","max-image-preview":"max-image-preview:large","max-video-preview":"max-video-preview:-1"},"canonical":"https:\/\/etisoftpackaging.pl\/en\/industries\/the-chemical-industry\/","og_locale":"en_US","og_type":"article","og_title":"The Chemical Industry - Etisoft Packaging - Cardboard packaging for industry","og_description":"Opakowania dla bran\u017cy chemicznej to ca\u0142a grupa specjalnie tworzonych produkt\u00f3w adresowanych dla producent\u00f3w: chemikali\u00f3w, farmaceutk\u00f3w, tworzyw sztucznych.","og_url":"https:\/\/etisoftpackaging.pl\/en\/industries\/the-chemical-industry\/","og_site_name":"Etisoft Packaging - Cardboard packaging for industry","article_modified_time":"2017-08-15T11:43:12+00:00","twitter_card":"summary_large_image","twitter_misc":{"Est. reading time":"2 minutes"},"schema":{"@context":"https:\/\/schema.org","@graph":[{"@type":"WebPage","@id":"https:\/\/etisoftpackaging.pl\/en\/industries\/the-chemical-industry\/","url":"https:\/\/etisoftpackaging.pl\/en\/industries\/the-chemical-industry\/","name":"The Chemical Industry - Etisoft Packaging - Cardboard packaging for industry","isPartOf":{"@id":"https:\/\/etisoftpackaging.pl\/#website"},"datePublished":"2016-09-07T15:35:41+00:00","dateModified":"2017-08-15T11:43:12+00:00","description":"Opakowania dla bran\u017cy chemicznej to ca\u0142a grupa specjalnie tworzonych produkt\u00f3w adresowanych dla producent\u00f3w: chemikali\u00f3w, farmaceutk\u00f3w, tworzyw sztucznych.","breadcrumb":{"@id":"https:\/\/etisoftpackaging.pl\/en\/industries\/the-chemical-industry\/#breadcrumb"},"inLanguage":"en-US","potentialAction":[{"@type":"ReadAction","target":["https:\/\/etisoftpackaging.pl\/en\/industries\/the-chemical-industry\/"]}]},{"@type":"BreadcrumbList","@id":"https:\/\/etisoftpackaging.pl\/en\/industries\/the-chemical-industry\/#breadcrumb","itemListElement":[{"@type":"ListItem","position":1,"name":"Strona g\u0142\u00f3wna","item":"https:\/\/etisoftpackaging.pl\/en\/"},{"@type":"ListItem","position":2,"name":"Industries","item":"https:\/\/etisoftpackaging.pl\/en\/industries\/"},{"@type":"ListItem","position":3,"name":"The Chemical Industry"}]},{"@type":"WebSite","@id":"https:\/\/etisoftpackaging.pl\/#website","url":"https:\/\/etisoftpackaging.pl\/","name":"Etisoft Packaging - Cardboard packaging for industry","description":"","potentialAction":[{"@type":"SearchAction","target":{"@type":"EntryPoint","urlTemplate":"https:\/\/etisoftpackaging.pl\/?s={search_term_string}"},"query-input":{"@type":"PropertyValueSpecification","valueRequired":true,"valueName":"search_term_string"}}],"inLanguage":"en-US"}]}},"_links":{"self":[{"href":"https:\/\/etisoftpackaging.pl\/en\/wp-json\/wp\/v2\/pages\/3174","targetHints":{"allow":["GET"]}}],"collection":[{"href":"https:\/\/etisoftpackaging.pl\/en\/wp-json\/wp\/v2\/pages"}],"about":[{"href":"https:\/\/etisoftpackaging.pl\/en\/wp-json\/wp\/v2\/types\/page"}],"author":[{"embeddable":true,"href":"https:\/\/etisoftpackaging.pl\/en\/wp-json\/wp\/v2\/users\/1"}],"replies":[{"embeddable":true,"href":"https:\/\/etisoftpackaging.pl\/en\/wp-json\/wp\/v2\/comments?post=3174"}],"version-history":[{"count":3,"href":"https:\/\/etisoftpackaging.pl\/en\/wp-json\/wp\/v2\/pages\/3174\/revisions"}],"predecessor-version":[{"id":3177,"href":"https:\/\/etisoftpackaging.pl\/en\/wp-json\/wp\/v2\/pages\/3174\/revisions\/3177"}],"up":[{"embeddable":true,"href":"https:\/\/etisoftpackaging.pl\/en\/wp-json\/wp\/v2\/pages\/3171"}],"wp:attachment":[{"href":"https:\/\/etisoftpackaging.pl\/en\/wp-json\/wp\/v2\/media?parent=3174"}],"curies":[{"name":"wp","href":"https:\/\/api.w.org\/{rel}","templated":true}]}}