{"id":3182,"date":"2016-09-07T11:39:24","date_gmt":"2016-09-07T09:39:24","guid":{"rendered":"https:\/\/etisoftpackaging.pl\/industries\/automotive\/"},"modified":"2017-08-15T13:39:47","modified_gmt":"2017-08-15T11:39:47","slug":"automotive","status":"publish","type":"page","link":"https:\/\/etisoftpackaging.pl\/en\/industries\/automotive\/","title":{"rendered":"Automotive industry"},"content":{"rendered":"<div class=\"wpb-content-wrapper\"><p>[vc_row][vc_column][vc_empty_space][\/vc_column][\/vc_row][vc_row][vc_column width=&#8221;2\/3&#8243;][vc_column_text]<strong>Automotive industry<\/strong> is an international network, with customers who require adjusted packaging optimized to their needs and requirements. That is why this industry is looking for multi-optional solutions.<\/p>\n<h3><span class=\"themecolor\">Why is packaging for the automotive industry a challenge?<\/span><\/h3>\n<p>Automotive spare-parts come from many suppliers and different markets. It is heavy industry, chemical or electrical one.<br \/>\nIs a technical challenge to assemble them into the final product when all spare-parts come to the factory. A special package is a key point to protect the goods during transportation. Its quality and constructions should make apacking and unpacking process easy. Well prepared pack series allow to save time in a process which brings cost reductions and another savings.[\/vc_column_text][\/vc_column][vc_column width=&#8221;1\/3&#8243;][vc_single_image image=&#8221;2544&#8243; img_size=&#8221;full&#8221; add_caption=&#8221;yes&#8221;][\/vc_column][\/vc_row][vc_row][vc_column width=&#8221;1\/3&#8243;][vc_single_image image=&#8221;2548&#8243; img_size=&#8221;full&#8221; add_caption=&#8221;yes&#8221;][\/vc_column][vc_column width=&#8221;2\/3&#8243;][vc_column_text]Just in time deliveries are additional key factor in automotive industry. This is synchronized with production process. As a strategic supplier we are involved together with our customers in this logistic chain.<\/p>\n<p>That is why the automotive industry is so-called pioneer in JIT (just-in-time). To be more effective in this cycle we optimize our internal processes within supply-chain management.<\/p>\n<p>We have made our process optimized thanks to long term experience, improvement in logistics and IT systems.<\/p>\n<h3><span class=\"themecolor\">Please call and ask a question about packaging for the automotive industry<\/span><\/h3>\n<p>or take a small step and fulfill the questionaire on our<br \/>\n<a href=\"https:\/\/etisoftpackaging.pl\/en\/contact\/\">web site<\/a>[\/vc_column_text][\/vc_column][\/vc_row]<\/p>\n<\/div>","protected":false},"excerpt":{"rendered":"<p>[vc_row][vc_column][vc_empty_space][\/vc_column][\/vc_row][vc_row][vc_column width=&#8221;2\/3&#8243;][vc_column_text]Automotive industry is an international network, with customers who require adjusted packaging optimized to their needs and requirements. That is why this industry is looking<span class=\"excerpt-hellip\"> [\u2026]<\/span><\/p>\n","protected":false},"author":1,"featured_media":0,"parent":3171,"menu_order":0,"comment_status":"closed","ping_status":"closed","template":"","meta":{"footnotes":""},"class_list":["post-3182","page","type-page","status-publish","hentry"],"yoast_head":"<!-- This site is optimized with the Yoast SEO plugin v26.3 - https:\/\/yoast.com\/wordpress\/plugins\/seo\/ -->\n<title>Automotive industry - Etisoft Packaging - Cardboard packaging for industry<\/title>\n<meta name=\"description\" content=\"Opakowania dla bran\u017cy automotive s\u0105 tworzone w specjalny spos\u00f3b z uwagi na z\u0142ozone wymagania przemys\u0142u samochodowego. Zobacz jakie musz\u0105 spe\u0142nia\u0107 wymagania\" \/>\n<meta name=\"robots\" content=\"index, follow, max-snippet:-1, max-image-preview:large, max-video-preview:-1\" \/>\n<link rel=\"canonical\" href=\"https:\/\/etisoftpackaging.pl\/en\/industries\/automotive\/\" \/>\n<meta property=\"og:locale\" content=\"en_US\" \/>\n<meta property=\"og:type\" content=\"article\" \/>\n<meta property=\"og:title\" content=\"Automotive industry - Etisoft Packaging - Cardboard packaging for industry\" \/>\n<meta property=\"og:description\" content=\"Opakowania dla bran\u017cy automotive s\u0105 tworzone w specjalny spos\u00f3b z uwagi na z\u0142ozone wymagania przemys\u0142u samochodowego. Zobacz jakie musz\u0105 spe\u0142nia\u0107 wymagania\" \/>\n<meta property=\"og:url\" content=\"https:\/\/etisoftpackaging.pl\/en\/industries\/automotive\/\" \/>\n<meta property=\"og:site_name\" content=\"Etisoft Packaging - Cardboard packaging for industry\" \/>\n<meta property=\"article:modified_time\" content=\"2017-08-15T11:39:47+00:00\" \/>\n<meta name=\"twitter:card\" content=\"summary_large_image\" \/>\n<meta name=\"twitter:label1\" content=\"Est. reading time\" \/>\n\t<meta name=\"twitter:data1\" content=\"1 minute\" \/>\n<script type=\"application\/ld+json\" class=\"yoast-schema-graph\">{\"@context\":\"https:\/\/schema.org\",\"@graph\":[{\"@type\":\"WebPage\",\"@id\":\"https:\/\/etisoftpackaging.pl\/en\/industries\/automotive\/\",\"url\":\"https:\/\/etisoftpackaging.pl\/en\/industries\/automotive\/\",\"name\":\"Automotive industry - Etisoft Packaging - Cardboard packaging for industry\",\"isPartOf\":{\"@id\":\"https:\/\/etisoftpackaging.pl\/#website\"},\"datePublished\":\"2016-09-07T09:39:24+00:00\",\"dateModified\":\"2017-08-15T11:39:47+00:00\",\"description\":\"Opakowania dla bran\u017cy automotive s\u0105 tworzone w specjalny spos\u00f3b z uwagi na z\u0142ozone wymagania przemys\u0142u samochodowego. Zobacz jakie musz\u0105 spe\u0142nia\u0107 wymagania\",\"breadcrumb\":{\"@id\":\"https:\/\/etisoftpackaging.pl\/en\/industries\/automotive\/#breadcrumb\"},\"inLanguage\":\"en-US\",\"potentialAction\":[{\"@type\":\"ReadAction\",\"target\":[\"https:\/\/etisoftpackaging.pl\/en\/industries\/automotive\/\"]}]},{\"@type\":\"BreadcrumbList\",\"@id\":\"https:\/\/etisoftpackaging.pl\/en\/industries\/automotive\/#breadcrumb\",\"itemListElement\":[{\"@type\":\"ListItem\",\"position\":1,\"name\":\"Strona g\u0142\u00f3wna\",\"item\":\"https:\/\/etisoftpackaging.pl\/en\/\"},{\"@type\":\"ListItem\",\"position\":2,\"name\":\"Industries\",\"item\":\"https:\/\/etisoftpackaging.pl\/en\/industries\/\"},{\"@type\":\"ListItem\",\"position\":3,\"name\":\"Automotive industry\"}]},{\"@type\":\"WebSite\",\"@id\":\"https:\/\/etisoftpackaging.pl\/#website\",\"url\":\"https:\/\/etisoftpackaging.pl\/\",\"name\":\"Etisoft Packaging - Cardboard packaging for industry\",\"description\":\"\",\"potentialAction\":[{\"@type\":\"SearchAction\",\"target\":{\"@type\":\"EntryPoint\",\"urlTemplate\":\"https:\/\/etisoftpackaging.pl\/?s={search_term_string}\"},\"query-input\":{\"@type\":\"PropertyValueSpecification\",\"valueRequired\":true,\"valueName\":\"search_term_string\"}}],\"inLanguage\":\"en-US\"}]}<\/script>\n<!-- \/ Yoast SEO plugin. -->","yoast_head_json":{"title":"Automotive industry - Etisoft Packaging - Cardboard packaging for industry","description":"Opakowania dla bran\u017cy automotive s\u0105 tworzone w specjalny spos\u00f3b z uwagi na z\u0142ozone wymagania przemys\u0142u samochodowego. Zobacz jakie musz\u0105 spe\u0142nia\u0107 wymagania","robots":{"index":"index","follow":"follow","max-snippet":"max-snippet:-1","max-image-preview":"max-image-preview:large","max-video-preview":"max-video-preview:-1"},"canonical":"https:\/\/etisoftpackaging.pl\/en\/industries\/automotive\/","og_locale":"en_US","og_type":"article","og_title":"Automotive industry - Etisoft Packaging - Cardboard packaging for industry","og_description":"Opakowania dla bran\u017cy automotive s\u0105 tworzone w specjalny spos\u00f3b z uwagi na z\u0142ozone wymagania przemys\u0142u samochodowego. Zobacz jakie musz\u0105 spe\u0142nia\u0107 wymagania","og_url":"https:\/\/etisoftpackaging.pl\/en\/industries\/automotive\/","og_site_name":"Etisoft Packaging - Cardboard packaging for industry","article_modified_time":"2017-08-15T11:39:47+00:00","twitter_card":"summary_large_image","twitter_misc":{"Est. reading time":"1 minute"},"schema":{"@context":"https:\/\/schema.org","@graph":[{"@type":"WebPage","@id":"https:\/\/etisoftpackaging.pl\/en\/industries\/automotive\/","url":"https:\/\/etisoftpackaging.pl\/en\/industries\/automotive\/","name":"Automotive industry - Etisoft Packaging - Cardboard packaging for industry","isPartOf":{"@id":"https:\/\/etisoftpackaging.pl\/#website"},"datePublished":"2016-09-07T09:39:24+00:00","dateModified":"2017-08-15T11:39:47+00:00","description":"Opakowania dla bran\u017cy automotive s\u0105 tworzone w specjalny spos\u00f3b z uwagi na z\u0142ozone wymagania przemys\u0142u samochodowego. Zobacz jakie musz\u0105 spe\u0142nia\u0107 wymagania","breadcrumb":{"@id":"https:\/\/etisoftpackaging.pl\/en\/industries\/automotive\/#breadcrumb"},"inLanguage":"en-US","potentialAction":[{"@type":"ReadAction","target":["https:\/\/etisoftpackaging.pl\/en\/industries\/automotive\/"]}]},{"@type":"BreadcrumbList","@id":"https:\/\/etisoftpackaging.pl\/en\/industries\/automotive\/#breadcrumb","itemListElement":[{"@type":"ListItem","position":1,"name":"Strona g\u0142\u00f3wna","item":"https:\/\/etisoftpackaging.pl\/en\/"},{"@type":"ListItem","position":2,"name":"Industries","item":"https:\/\/etisoftpackaging.pl\/en\/industries\/"},{"@type":"ListItem","position":3,"name":"Automotive industry"}]},{"@type":"WebSite","@id":"https:\/\/etisoftpackaging.pl\/#website","url":"https:\/\/etisoftpackaging.pl\/","name":"Etisoft Packaging - Cardboard packaging for industry","description":"","potentialAction":[{"@type":"SearchAction","target":{"@type":"EntryPoint","urlTemplate":"https:\/\/etisoftpackaging.pl\/?s={search_term_string}"},"query-input":{"@type":"PropertyValueSpecification","valueRequired":true,"valueName":"search_term_string"}}],"inLanguage":"en-US"}]}},"_links":{"self":[{"href":"https:\/\/etisoftpackaging.pl\/en\/wp-json\/wp\/v2\/pages\/3182","targetHints":{"allow":["GET"]}}],"collection":[{"href":"https:\/\/etisoftpackaging.pl\/en\/wp-json\/wp\/v2\/pages"}],"about":[{"href":"https:\/\/etisoftpackaging.pl\/en\/wp-json\/wp\/v2\/types\/page"}],"author":[{"embeddable":true,"href":"https:\/\/etisoftpackaging.pl\/en\/wp-json\/wp\/v2\/users\/1"}],"replies":[{"embeddable":true,"href":"https:\/\/etisoftpackaging.pl\/en\/wp-json\/wp\/v2\/comments?post=3182"}],"version-history":[{"count":3,"href":"https:\/\/etisoftpackaging.pl\/en\/wp-json\/wp\/v2\/pages\/3182\/revisions"}],"predecessor-version":[{"id":3185,"href":"https:\/\/etisoftpackaging.pl\/en\/wp-json\/wp\/v2\/pages\/3182\/revisions\/3185"}],"up":[{"embeddable":true,"href":"https:\/\/etisoftpackaging.pl\/en\/wp-json\/wp\/v2\/pages\/3171"}],"wp:attachment":[{"href":"https:\/\/etisoftpackaging.pl\/en\/wp-json\/wp\/v2\/media?parent=3182"}],"curies":[{"name":"wp","href":"https:\/\/api.w.org\/{rel}","templated":true}]}}